{"id":81,"date":"2023-04-25T23:10:42","date_gmt":"2023-04-25T23:10:42","guid":{"rendered":"https:\/\/ezolli.org.mx\/?page_id=81"},"modified":"2026-04-05T18:07:09","modified_gmt":"2026-04-05T18:07:09","slug":"donativos","status":"publish","type":"page","link":"https:\/\/ezolli.org.mx\/index.php\/donativos\/","title":{"rendered":"Donativos"},"content":{"rendered":"\n<div class=\"wp-block-uagb-container uagb-block-3508d0de alignfull uagb-is-root-container\"><div class=\"uagb-container-inner-blocks-wrap\">\n<div class=\"wp-block-uagb-container uagb-block-57a921b0\">\n<figure class=\"wp-block-image aligncenter size-large is-resized\"><img loading=\"lazy\" decoding=\"async\" width=\"819\" height=\"1024\" src=\"https:\/\/ezolli.org.mx\/wp-content\/uploads\/2026\/04\/Con-tus-aportaciones-nos-permites-continuar-apoyando-y-educando-a-nuestra-comunidad.-02-819x1024.png\" alt=\"\" class=\"wp-image-1727\" style=\"width:688px;height:auto\" srcset=\"https:\/\/ezolli.org.mx\/wp-content\/uploads\/2026\/04\/Con-tus-aportaciones-nos-permites-continuar-apoyando-y-educando-a-nuestra-comunidad.-02-819x1024.png 819w, https:\/\/ezolli.org.mx\/wp-content\/uploads\/2026\/04\/Con-tus-aportaciones-nos-permites-continuar-apoyando-y-educando-a-nuestra-comunidad.-02-240x300.png 240w, https:\/\/ezolli.org.mx\/wp-content\/uploads\/2026\/04\/Con-tus-aportaciones-nos-permites-continuar-apoyando-y-educando-a-nuestra-comunidad.-02-768x960.png 768w, https:\/\/ezolli.org.mx\/wp-content\/uploads\/2026\/04\/Con-tus-aportaciones-nos-permites-continuar-apoyando-y-educando-a-nuestra-comunidad.-02-1229x1536.png 1229w, https:\/\/ezolli.org.mx\/wp-content\/uploads\/2026\/04\/Con-tus-aportaciones-nos-permites-continuar-apoyando-y-educando-a-nuestra-comunidad.-02.png 1620w\" sizes=\"auto, (max-width: 819px) 100vw, 819px\" \/><\/figure>\n<\/div>\n<\/div><\/div>\n\n\n\n<hr class=\"wp-block-separator has-alpha-channel-opacity is-style-dots\"\/>\n\n\n\n<p class=\"has-text-align-center has-ti-bg-background-color has-background\">Tus donativos pueden ayudar a rehabilitar a una persona con hemofilia.<br><strong>\u00a1Todos tus donativos son deducibles de impuestos!<\/strong><\/p>\n\n\n\n<p class=\"has-text-align-center has-background\" style=\"background-color:#f7cbcb8a\">Banco:<br><strong>BBVA Bancomer, Sucursal Apizaco, Tlaxcala.<\/strong><br>&#8211;<br>No. de Cuenta:<br><strong>01 15 79 26 65<\/strong><br>&#8211;<br>CLABE interbancaria:<br><strong>0128-3200-1157-9266-58<\/strong><br>&#8211;<br>A nombre de:<br><strong>EZOLLI A.C.<\/strong><br><br>Solicita tu comprobante llamando al siguiente tel\u00e9fono:<br>(241) 115 3526<\/p>\n\n\n\n<hr class=\"wp-block-separator has-alpha-channel-opacity is-style-dots\"\/>\n\n\n\n<figure class=\"wp-block-image aligncenter size-large is-resized\"><img loading=\"lazy\" decoding=\"async\" width=\"682\" height=\"1024\" src=\"https:\/\/ezolli.org.mx\/wp-content\/uploads\/2025\/09\/Gracias-a-los-corazones-azules-A-682x1024.png\" alt=\"\" class=\"wp-image-1081\" style=\"width:739px;height:auto\" srcset=\"https:\/\/ezolli.org.mx\/wp-content\/uploads\/2025\/09\/Gracias-a-los-corazones-azules-A-682x1024.png 682w, https:\/\/ezolli.org.mx\/wp-content\/uploads\/2025\/09\/Gracias-a-los-corazones-azules-A-200x300.png 200w, https:\/\/ezolli.org.mx\/wp-content\/uploads\/2025\/09\/Gracias-a-los-corazones-azules-A-768x1152.png 768w, https:\/\/ezolli.org.mx\/wp-content\/uploads\/2025\/09\/Gracias-a-los-corazones-azules-A-1024x1536.png 1024w, https:\/\/ezolli.org.mx\/wp-content\/uploads\/2025\/09\/Gracias-a-los-corazones-azules-A.png 1333w\" sizes=\"auto, (max-width: 682px) 100vw, 682px\" \/><\/figure>\n\n\n\n<hr class=\"wp-block-separator has-alpha-channel-opacity is-style-dots\"\/>\n\n\n\n<h1 class=\"wp-block-heading has-text-align-center\"><strong>\u00a1Muchas gracias!<\/strong><\/h1>\n\n\n\n<h2 class=\"wp-block-heading has-text-align-center\">Tus donativos tambi\u00e9n pueden ser en especie.<\/h2>\n\n\n\n<div class=\"wp-block-uagb-container uagb-block-fb9225e6 alignfull uagb-is-root-container\"><div class=\"uagb-container-inner-blocks-wrap\">\n<figure class=\"wp-block-image aligncenter size-large has-custom-border\" style=\"margin-top:0;margin-right:0;margin-bottom:0;margin-left:0\"><img loading=\"lazy\" decoding=\"async\" width=\"576\" height=\"1024\" src=\"https:\/\/ezolli.org.mx\/wp-content\/uploads\/2025\/02\/DONATIVO-FEBRERO-2025-2-576x1024.png\" alt=\"\" class=\"wp-image-643\" style=\"border-style:none;border-width:0px;border-radius:0px\" srcset=\"https:\/\/ezolli.org.mx\/wp-content\/uploads\/2025\/02\/DONATIVO-FEBRERO-2025-2-576x1024.png 576w, https:\/\/ezolli.org.mx\/wp-content\/uploads\/2025\/02\/DONATIVO-FEBRERO-2025-2-169x300.png 169w, https:\/\/ezolli.org.mx\/wp-content\/uploads\/2025\/02\/DONATIVO-FEBRERO-2025-2-768x1365.png 768w, https:\/\/ezolli.org.mx\/wp-content\/uploads\/2025\/02\/DONATIVO-FEBRERO-2025-2-864x1536.png 864w, https:\/\/ezolli.org.mx\/wp-content\/uploads\/2025\/02\/DONATIVO-FEBRERO-2025-2.png 1080w\" sizes=\"auto, (max-width: 576px) 100vw, 576px\" \/><\/figure>\n<\/div><\/div>\n\n\n\n<p>Hola Amigos de EZOLLI A. C, aqu\u00ed les presentamos el primer donativo reunido por los alumnos del Instituto VIDKENDALLS y entregado por nuestros grandes amigos y colaboradores los licenciados Hugo Santill\u00e1n Gonz\u00e1lez y Miguel Gonz\u00e1lez Gamboa; deseamos que su generosidad y gran altruismo siempre sea trasmitido a todas sus generaciones de alumnos y se conviertan en extraordinarias personas de gran calidad humana.<\/p>\n\n\n\n<p>Su donativo nos ayuda a brindar un mejor servicio para nuestros beneficiarios. \u00a1Mil gracias y bendiciones para todos!<\/p>\n\n\n\n<p><\/p>\n\n\n\n<div data-aos= \"slide-right\" data-aos-duration=\"400\" data-aos-delay=\"0\" data-aos-easing=\"ease\" data-aos-once=\"true\" class=\"wp-block-uagb-container uagb-block-b44493fb alignfull uagb-is-root-container\"><div class=\"uagb-container-inner-blocks-wrap\">\n<figure class=\"wp-block-image aligncenter size-large\"><img loading=\"lazy\" decoding=\"async\" width=\"1024\" height=\"1018\" src=\"https:\/\/ezolli.org.mx\/wp-content\/uploads\/2025\/02\/CAMPANA-DE-DONACION-2025-1024x1018.jpg\" alt=\"\" class=\"wp-image-661\" srcset=\"https:\/\/ezolli.org.mx\/wp-content\/uploads\/2025\/02\/CAMPANA-DE-DONACION-2025-1024x1018.jpg 1024w, https:\/\/ezolli.org.mx\/wp-content\/uploads\/2025\/02\/CAMPANA-DE-DONACION-2025-300x298.jpg 300w, https:\/\/ezolli.org.mx\/wp-content\/uploads\/2025\/02\/CAMPANA-DE-DONACION-2025-150x150.jpg 150w, https:\/\/ezolli.org.mx\/wp-content\/uploads\/2025\/02\/CAMPANA-DE-DONACION-2025-768x763.jpg 768w, https:\/\/ezolli.org.mx\/wp-content\/uploads\/2025\/02\/CAMPANA-DE-DONACION-2025-1536x1527.jpg 1536w, https:\/\/ezolli.org.mx\/wp-content\/uploads\/2025\/02\/CAMPANA-DE-DONACION-2025.jpg 1683w\" sizes=\"auto, (max-width: 1024px) 100vw, 1024px\" \/><\/figure>\n<\/div><\/div>\n\n\n\n<hr class=\"wp-block-separator has-alpha-channel-opacity is-style-dots\"\/>\n\n\n\n<p><\/p>\n","protected":false},"excerpt":{"rendered":"<p>Tus donativos pueden ayudar a rehabilitar a una persona con hemofilia.\u00a1Todos tus donativos son deducibles de impuestos! Banco:BBVA Bancomer, Sucursal Apizaco, Tlaxcala.&#8211;No. de Cuenta:01 15 79 26 65&#8211;CLABE interbancaria:0128-3200-1157-9266-58&#8211;A nombre de:EZOLLI A.C. Solicita tu comprobante llamando al siguiente tel\u00e9fono:(241) 115 3526 \u00a1Muchas gracias! Tus donativos tambi\u00e9n pueden ser en especie. Hola Amigos de EZOLLI A. [&hellip;]<\/p>\n","protected":false},"author":1,"featured_media":0,"parent":0,"menu_order":0,"comment_status":"closed","ping_status":"closed","template":"","meta":{"_uag_custom_page_level_css":"","footnotes":""},"class_list":["post-81","page","type-page","status-publish","hentry"],"uagb_featured_image_src":{"full":false,"thumbnail":false,"medium":false,"medium_large":false,"large":false,"1536x1536":false,"2048x2048":false},"uagb_author_info":{"display_name":"AliceVivian","author_link":"https:\/\/ezolli.org.mx\/index.php\/author\/alicevivian\/"},"uagb_comment_info":0,"uagb_excerpt":"Tus donativos pueden ayudar a rehabilitar a una persona con hemofilia.\u00a1Todos tus donativos son deducibles de impuestos! Banco:BBVA Bancomer, Sucursal Apizaco, Tlaxcala.&#8211;No. de Cuenta:01 15 79 26 65&#8211;CLABE interbancaria:0128-3200-1157-9266-58&#8211;A nombre de:EZOLLI A.C. Solicita tu comprobante llamando al siguiente tel\u00e9fono:(241) 115 3526 \u00a1Muchas gracias! Tus donativos tambi\u00e9n pueden ser en especie. Hola Amigos de EZOLLI A.&hellip;","_links":{"self":[{"href":"https:\/\/ezolli.org.mx\/index.php\/wp-json\/wp\/v2\/pages\/81","targetHints":{"allow":["GET"]}}],"collection":[{"href":"https:\/\/ezolli.org.mx\/index.php\/wp-json\/wp\/v2\/pages"}],"about":[{"href":"https:\/\/ezolli.org.mx\/index.php\/wp-json\/wp\/v2\/types\/page"}],"author":[{"embeddable":true,"href":"https:\/\/ezolli.org.mx\/index.php\/wp-json\/wp\/v2\/users\/1"}],"replies":[{"embeddable":true,"href":"https:\/\/ezolli.org.mx\/index.php\/wp-json\/wp\/v2\/comments?post=81"}],"version-history":[{"count":35,"href":"https:\/\/ezolli.org.mx\/index.php\/wp-json\/wp\/v2\/pages\/81\/revisions"}],"predecessor-version":[{"id":1917,"href":"https:\/\/ezolli.org.mx\/index.php\/wp-json\/wp\/v2\/pages\/81\/revisions\/1917"}],"wp:attachment":[{"href":"https:\/\/ezolli.org.mx\/index.php\/wp-json\/wp\/v2\/media?parent=81"}],"curies":[{"name":"wp","href":"https:\/\/api.w.org\/{rel}","templated":true}]}}