{"id":68,"date":"2023-04-18T22:20:17","date_gmt":"2023-04-18T22:20:17","guid":{"rendered":"https:\/\/ezolli.org.mx\/?page_id=68"},"modified":"2026-04-05T17:57:04","modified_gmt":"2026-04-05T17:57:04","slug":"sobre-ezolli","status":"publish","type":"page","link":"https:\/\/ezolli.org.mx\/index.php\/sobre-ezolli\/","title":{"rendered":"Sobre EZOLLI A. C."},"content":{"rendered":"\n<div class=\"wp-block-cover is-light\"><img loading=\"lazy\" decoding=\"async\" width=\"1024\" height=\"830\" class=\"wp-block-cover__image-background wp-image-934 size-large\" alt=\"\" src=\"https:\/\/ezolli.org.mx\/wp-content\/uploads\/2025\/09\/Logo-para-camioneta-2508-x-2032-95-x-72-cm-1024x830.png\" data-object-fit=\"cover\" srcset=\"https:\/\/ezolli.org.mx\/wp-content\/uploads\/2025\/09\/Logo-para-camioneta-2508-x-2032-95-x-72-cm-1024x830.png 1024w, https:\/\/ezolli.org.mx\/wp-content\/uploads\/2025\/09\/Logo-para-camioneta-2508-x-2032-95-x-72-cm-300x243.png 300w, https:\/\/ezolli.org.mx\/wp-content\/uploads\/2025\/09\/Logo-para-camioneta-2508-x-2032-95-x-72-cm-768x622.png 768w, https:\/\/ezolli.org.mx\/wp-content\/uploads\/2025\/09\/Logo-para-camioneta-2508-x-2032-95-x-72-cm-1536x1244.png 1536w, https:\/\/ezolli.org.mx\/wp-content\/uploads\/2025\/09\/Logo-para-camioneta-2508-x-2032-95-x-72-cm-2048x1659.png 2048w\" sizes=\"auto, (max-width: 1024px) 100vw, 1024px\" \/><span aria-hidden=\"true\" class=\"wp-block-cover__background has-background-dim\" style=\"background-color:#e6e6e6\"><\/span><div class=\"wp-block-cover__inner-container is-layout-constrained wp-block-cover-is-layout-constrained\">\n<p class=\"has-text-align-center has-large-font-size\"><strong>ANTECEDENTES.<\/strong><\/p>\n\n\n\n<ul class=\"wp-block-list\">\n<li><strong><mark style=\"background-color:rgba(0, 0, 0, 0);color:#1D1F25\" class=\"has-inline-color\">REGISTRO ESTADISTICO DE PESONAS CON CAOGULOPATIAS EN EL ESTADO DE TLAXCALA.<\/mark><\/strong><\/li>\n\n\n\n<li><strong><mark style=\"background-color:rgba(0, 0, 0, 0);color:rgba(0, 0, 0, 0.85)\" class=\"has-inline-color\">AVISO DE PRIVASIDAD.<\/mark><\/strong><\/li>\n<\/ul>\n<\/div><\/div>\n\n\n\n<hr class=\"wp-block-separator has-alpha-channel-opacity is-style-dots\"\/>\n\n\n\n<p class=\"has-text-align-center\" style=\"font-size:35px\"><strong>ANTECEDENTES<\/strong><\/p>\n\n\n\n<p>EZOLLI: (\u201csangrado\u201d, significado N\u00e1huatl).<\/p>\n\n\n\n<p>\u201cEZOLLI o sangrado\u201d, esta palabra N\u00e1huatl es elegida por ser la principal caracter\u00edstica cl\u00ednica de las Hemofilias, la Enfermedad de von Willebrand y otras Coagulopat\u00edas relacionadas; nuestro nombre en n\u00e1huatl ofrenda un un homenaje a las ra\u00edces aut\u00f3ctonas de nuestro estado, Tlaxcala.<\/p>\n\n\n\n<p>El nombre de EZOLLI es elegido para representar el nombre oficial de la primera asociaci\u00f3n de hemofilia del estado de Tlaxcala, siendo \u00e9ste, elegido por unanimidad por sus socios integrantes y dejando como eslogan la frase: Asociaci\u00f3n de hemofilia y enfermedad de von Willebrand de Tlaxcala, que puede observarse al final de su logotipo oficial.<\/p>\n\n\n\n<p><\/p>\n\n\n\n<figure class=\"wp-block-image aligncenter size-large is-resized\"><img loading=\"lazy\" decoding=\"async\" width=\"1024\" height=\"622\" src=\"https:\/\/ezolli.org.mx\/wp-content\/uploads\/2023\/04\/ezolli-logo-1024x622.png\" alt=\"\" class=\"wp-image-73\" style=\"width:416px;height:252px\" srcset=\"https:\/\/ezolli.org.mx\/wp-content\/uploads\/2023\/04\/ezolli-logo-1024x622.png 1024w, https:\/\/ezolli.org.mx\/wp-content\/uploads\/2023\/04\/ezolli-logo-300x182.png 300w, https:\/\/ezolli.org.mx\/wp-content\/uploads\/2023\/04\/ezolli-logo-768x467.png 768w, https:\/\/ezolli.org.mx\/wp-content\/uploads\/2023\/04\/ezolli-logo.png 1045w\" sizes=\"auto, (max-width: 1024px) 100vw, 1024px\" \/><\/figure>\n\n\n\n<p><strong>MISI\u00d3N<\/strong><\/p>\n\n\n\n<p>Apoyar a las personas con Hemofilia y enfermedad de Von Willebrand a desarrollarse de una manera saludable siendo miembros productivos de la sociedad en la que se desenvuelven.<\/p>\n\n\n\n<p><strong>VISI\u00d3N<\/strong><\/p>\n\n\n\n<p>Lograr que las personas con Hemofilia y enfermedad de von Willebrand sean personas independientes en todos los sentidos, logrando una mejor calidad de vida para ellos y sus familias desarroll\u00e1ndose en una sociedad informada y libre de discriminaci\u00f3n.<\/p>\n\n\n\n<p><strong>\u00bfPOR QU\u00c9 SE CREA EZOLLI?<\/strong><\/p>\n\n\n\n<p>EZOLLI A. C. Surge de la necesidad por la b\u00fasqueda de nuevas alternativas para la prevenci\u00f3n, tratamiento m\u00e9dico f\u00edsico-psicol\u00f3gico, educativo y laboral de todas las personas con hemofilia y enfermedad de von Willebrand del estado de Tlaxcala.<\/p>\n\n\n\n<p><strong>OBJETIVO SOCIAL<\/strong><\/p>\n\n\n\n<p>La asociaci\u00f3n es una organizaci\u00f3n sin fines de lucro que tiene como beneficiarios en todas y cada una de las actividades asistenciales que realiza a personas, sectores y regiones de escasos recursos, comunidades ind\u00edgenas y grupos vulnerables por edad, sexo o problemas de discapacidad.<\/p>\n\n\n\n<p><strong>OBJETIVO PRINCIPAL<\/strong><\/p>\n\n\n\n<p>Proporcionar y promover apoyo a personas con Hemofilia, Enfermedad de von Willebrand y otras coagulopat\u00edas para mejorar su calidad de vida.<\/p>\n\n\n\n<p>EZOLLI A. C. Tiene como principal atenci\u00f3n 3 objetivos particulares:<\/p>\n\n\n\n<p>1.&nbsp;&nbsp;&nbsp;&nbsp;&nbsp;&nbsp;&nbsp;&nbsp; Proporcionar y promover apoyo a personas con hemofilia, enfermedad de von Willebrand y otras coagulopat\u00edas.<\/p>\n\n\n\n<p>2.&nbsp;&nbsp;&nbsp;&nbsp;&nbsp;&nbsp;&nbsp;&nbsp; Guiar y educar a las personas con hemofilia, enfermedad de von Willebrand y otras coagulopat\u00edas sobre su enfermedad, coadyuvar a su integraci\u00f3n familiar, escolar y laboral para as\u00ed mejorar su calidad de vida.<\/p>\n\n\n\n<p>3.&nbsp;&nbsp;&nbsp;&nbsp;&nbsp;&nbsp;&nbsp;&nbsp; Conseguir que las personas con hemofilia, enfermedad de von Willebrand y otras coagulopat\u00edas, sean personas productivas para ellos y sus familias en medio de una sociedad informada y libre de discriminaci\u00f3n.<\/p>\n\n\n\n<p><strong>DEFINICIONES:<\/strong><\/p>\n\n\n\n<p class=\"has-text-color has-link-color wp-elements-71b38711f89724bc642cf3a6891c6a5f\" style=\"color:#cb0000\"><strong>Hemofilia<\/strong><\/p>\n\n\n\n<p>La hemofilia es una enfermedad hemorr\u00e1gica cong\u00e9nita, ubicada en la segunda fase de la hemostasia, en la que, una deficiencia en el cromosoma X es la responsable de un defecto en la s\u00edntesis de uno de los factores de coagulaci\u00f3n. La anomal\u00eda del padecimiento se centrar\u00e1 en los factores VIII, IX y XI; present\u00e1ndose en forma individual y afectando a los varones principalmente, comport\u00e1ndose como una tendencia hemorr\u00e1gica continua, manifest\u00e1ndose a cualquier nivel corporal, donde la repetici\u00f3n de los procesos hemorr\u00e1gicos conducir\u00e1 a una lesi\u00f3n cr\u00f3nica irreversible o invalidante; observ\u00e1ndose desde su infancia y persistiendo a lo largo de toda su vida.<\/p>\n\n\n\n<p class=\"has-text-color has-link-color wp-elements-d62e9947010887e6af3c7463f3e8a768\" style=\"color:#fe3366\"><strong>Enfermedad de von Willebrand<\/strong><\/p>\n\n\n\n<p>La enfermedad de von Willebrand descrita por primera vez en 1926 por el m\u00e9dico hemat\u00f3logo finland\u00e9s Eric Adolf von Willebrand, afecta primordialmente la hemostasia primaria en su interacci\u00f3n plaquetaria, factor de von Willebrand (FvW) y endotelio; el defecto puede ser ocasionado por una alteraci\u00f3n en la estructura, funci\u00f3n o concentraci\u00f3n del FvW. Es la enfermedad hemorr\u00e1gica hereditaria m\u00e1s frecuente y de tipo autos\u00f3mico, por lo que puede afectar a ambos sexos. Su principal caracter\u00edstica cl\u00ednica son las hemorragias mucocut\u00e1neas espontaneas de intensidad variable, y con frecuencia puede ser confundida con la hemofilia por su afinidad cl\u00ednica con la forma m\u00e1s severa de la enfermedad (o tipo 3).<\/p>\n\n\n\n<p class=\"has-text-color has-link-color wp-elements-a843c2e9b2d9cb50ed25dc1d70b087d7\" style=\"color:#e05d00\"><strong>Trombastenia de Glanzmann<\/strong><\/p>\n\n\n\n<p>La trombastenia de Glanzmann es una alteraci\u00f3n autos\u00f3mica recesiva, caracterizada por la reducci\u00f3n severa de la agregaci\u00f3n plaquetaria, provocada por anormalidades cualitativas y cuantitativas del receptor de plaquetas GPIIb\/ IIIa.<\/p>\n\n\n\n<p><strong>ANTECEDENTES GENERALES<\/strong><\/p>\n\n\n\n<p>EZOLLI A. C. Asociaci\u00f3n de Hemofilia y enfermedad de von Willebrand de Tlaxcala, comenz\u00f3 su planeaci\u00f3n a partir de d\u00eda 3 de diciembre del a\u00f1o 2016, derivada de los resultados de la asamblea extraordinaria realizada en las instalaciones del DIF estatal de la ciudad de Puebla, Puebla, celebrada en la misma fecha, en la que sus asociados de origen Tlaxcalteca se encontraron en desacuerdo con los manejos operativos realizados por la presidencia de la asociaci\u00f3n HEMOS de Puebla A. C y ante la negativa de cambios que mejoraran la transparencia y rendici\u00f3n de cuentas entre otras necesidades solicitadas;&nbsp; determinan y motivan la inminente separaci\u00f3n de los asociados del estado de Tlaxcala, as\u00ed como de algunos asociados pertenecientes a los municipios del norte del estado de Puebla.<\/p>\n\n\n\n<p>EZOLLI A. C. Inicio sus operaciones de forma oficial a partir del d\u00eda 23 de febrero del a\u00f1o 2017, celebrando su primera asamblea ordinaria en la cuidad de Tlaxcala, en las oficinas de la notar\u00eda p\u00fablica n\u00famero 2 del distrito de Hidalgo y ante el notario p\u00fablico Lic. Mar\u00eda Elena Mac\u00edas P\u00e9rez y su auxiliar Lic. Claudia Beatriz S\u00e1nchez Hern\u00e1ndez.<\/p>\n\n\n\n<p><\/p>\n\n\n\n<hr class=\"wp-block-separator has-alpha-channel-opacity is-style-dots\"\/>\n\n\n\n<h2 class=\"wp-block-heading alignwide has-text-align-center has-pale-cyan-blue-background-color has-background\">Registro de personas con Coagulopat\u00edas en el estado de Tlaxcala.<\/h2>\n\n\n\n<p><\/p>\n\n\n\n<div class=\"wp-block-uagb-container uagb-block-f95c4f4d alignwide uagb-is-root-container\">\n<div class=\"wp-block-uagb-image aligncenter uagb-block-69daeb18 wp-block-uagb-image--layout-default wp-block-uagb-image--effect-static wp-block-uagb-image--align-center\"><figure class=\"wp-block-uagb-image__figure\"><img decoding=\"async\" srcset=\"https:\/\/ezolli.org.mx\/wp-content\/uploads\/2026\/04\/Estadisticas-2025-724x1024.png ,https:\/\/ezolli.org.mx\/wp-content\/uploads\/2026\/04\/Estadisticas-2025.png 780w, https:\/\/ezolli.org.mx\/wp-content\/uploads\/2026\/04\/Estadisticas-2025.png 360w\" sizes=\"auto, (max-width: 480px) 150px\" src=\"https:\/\/ezolli.org.mx\/wp-content\/uploads\/2026\/04\/Estadisticas-2025-724x1024.png\" alt=\"\" class=\"uag-image-1750\" width=\"724\" height=\"1024\" title=\"Estad\u00edsticas 2025\" loading=\"lazy\" role=\"img\"\/><\/figure><\/div>\n<\/div>\n\n\n\n<hr class=\"wp-block-separator has-alpha-channel-opacity is-style-dots\"\/>\n\n\n\n<h4 class=\"wp-block-heading\"><strong><mark style=\"background-color:rgba(0, 0, 0, 0);color:#425384\" class=\"has-inline-color\">AVISO DE PRIVASIDAD<\/mark><\/strong><\/h4>\n\n\n\n<div class=\"wp-block-buttons is-layout-flex wp-block-buttons-is-layout-flex\">\n<div class=\"wp-block-button\"><a class=\"wp-block-button__link wp-element-button\" href=\"https:\/\/ezolli.org.mx\/wp-content\/uploads\/2025\/09\/AVISO-DE-PRIVACIDAD-EZOLLI-A.C.-2025.pdf\">Aviso de privacidad 2026<\/a><\/div>\n<\/div>\n\n\n\n<hr class=\"wp-block-separator has-alpha-channel-opacity is-style-dots\"\/>\n","protected":false},"excerpt":{"rendered":"<p>ANTECEDENTES EZOLLI: (\u201csangrado\u201d, significado N\u00e1huatl). \u201cEZOLLI o sangrado\u201d, esta palabra N\u00e1huatl es elegida por ser la principal caracter\u00edstica cl\u00ednica de las Hemofilias, la Enfermedad de von Willebrand y otras Coagulopat\u00edas relacionadas; nuestro nombre en n\u00e1huatl ofrenda un un homenaje a las ra\u00edces aut\u00f3ctonas de nuestro estado, Tlaxcala. El nombre de EZOLLI es elegido para representar [&hellip;]<\/p>\n","protected":false},"author":1,"featured_media":0,"parent":0,"menu_order":0,"comment_status":"closed","ping_status":"closed","template":"","meta":{"_uag_custom_page_level_css":"","footnotes":""},"class_list":["post-68","page","type-page","status-publish","hentry"],"uagb_featured_image_src":{"full":false,"thumbnail":false,"medium":false,"medium_large":false,"large":false,"1536x1536":false,"2048x2048":false},"uagb_author_info":{"display_name":"AliceVivian","author_link":"https:\/\/ezolli.org.mx\/index.php\/author\/alicevivian\/"},"uagb_comment_info":0,"uagb_excerpt":"ANTECEDENTES EZOLLI: (\u201csangrado\u201d, significado N\u00e1huatl). \u201cEZOLLI o sangrado\u201d, esta palabra N\u00e1huatl es elegida por ser la principal caracter\u00edstica cl\u00ednica de las Hemofilias, la Enfermedad de von Willebrand y otras Coagulopat\u00edas relacionadas; nuestro nombre en n\u00e1huatl ofrenda un un homenaje a las ra\u00edces aut\u00f3ctonas de nuestro estado, Tlaxcala. El nombre de EZOLLI es elegido para representar&hellip;","_links":{"self":[{"href":"https:\/\/ezolli.org.mx\/index.php\/wp-json\/wp\/v2\/pages\/68","targetHints":{"allow":["GET"]}}],"collection":[{"href":"https:\/\/ezolli.org.mx\/index.php\/wp-json\/wp\/v2\/pages"}],"about":[{"href":"https:\/\/ezolli.org.mx\/index.php\/wp-json\/wp\/v2\/types\/page"}],"author":[{"embeddable":true,"href":"https:\/\/ezolli.org.mx\/index.php\/wp-json\/wp\/v2\/users\/1"}],"replies":[{"embeddable":true,"href":"https:\/\/ezolli.org.mx\/index.php\/wp-json\/wp\/v2\/comments?post=68"}],"version-history":[{"count":76,"href":"https:\/\/ezolli.org.mx\/index.php\/wp-json\/wp\/v2\/pages\/68\/revisions"}],"predecessor-version":[{"id":1906,"href":"https:\/\/ezolli.org.mx\/index.php\/wp-json\/wp\/v2\/pages\/68\/revisions\/1906"}],"wp:attachment":[{"href":"https:\/\/ezolli.org.mx\/index.php\/wp-json\/wp\/v2\/media?parent=68"}],"curies":[{"name":"wp","href":"https:\/\/api.w.org\/{rel}","templated":true}]}}