{"id":44,"date":"2023-03-31T19:23:03","date_gmt":"2023-03-31T19:23:03","guid":{"rendered":"https:\/\/ezolli.org.mx\/?page_id=44"},"modified":"2026-04-07T19:48:09","modified_gmt":"2026-04-07T19:48:09","slug":"blog","status":"publish","type":"page","link":"https:\/\/ezolli.org.mx\/index.php\/blog\/","title":{"rendered":"Blog"},"content":{"rendered":"\n<div class=\"wp-block-uagb-advanced-heading uagb-block-9f11de95\"><h1 class=\"uagb-heading-text\"><strong>Abril del 2026.<\/strong><\/h1><\/div>\n\n\n\n<div class=\"wp-block-uagb-container uagb-block-76b0490e alignfull uagb-is-root-container\"><div class=\"uagb-container-inner-blocks-wrap\">\n<figure class=\"wp-block-image aligncenter size-large\"><img loading=\"lazy\" decoding=\"async\" width=\"1024\" height=\"512\" src=\"https:\/\/ezolli.org.mx\/wp-content\/uploads\/2026\/04\/4-1024x512.png\" alt=\"\" class=\"wp-image-1985\" srcset=\"https:\/\/ezolli.org.mx\/wp-content\/uploads\/2026\/04\/4-1024x512.png 1024w, https:\/\/ezolli.org.mx\/wp-content\/uploads\/2026\/04\/4-300x150.png 300w, https:\/\/ezolli.org.mx\/wp-content\/uploads\/2026\/04\/4-768x384.png 768w, https:\/\/ezolli.org.mx\/wp-content\/uploads\/2026\/04\/4-1536x768.png 1536w, https:\/\/ezolli.org.mx\/wp-content\/uploads\/2026\/04\/4-2048x1024.png 2048w\" sizes=\"auto, (max-width: 1024px) 100vw, 1024px\" \/><\/figure>\n\n\n\n<p><\/p>\n\n\n\n<div class=\"wp-block-uagb-container uagb-block-4859b171\">\n<figure class=\"wp-block-video\"><video controls src=\"https:\/\/ezolli.org.mx\/wp-content\/uploads\/2026\/04\/Video-Cambio-x-Cambio-01.mp4\"><\/video><\/figure>\n<\/div>\n<\/div><\/div>\n\n\n\n<div class=\"wp-block-uagb-container uagb-block-f3f9b986 alignfull uagb-is-root-container\"><div class=\"uagb-container-inner-blocks-wrap\">\n<figure class=\"wp-block-image aligncenter size-large is-resized\"><img loading=\"lazy\" decoding=\"async\" width=\"1024\" height=\"559\" src=\"https:\/\/ezolli.org.mx\/wp-content\/uploads\/2026\/04\/WhatsApp-Image-2026-04-01-at-6.41.35-PM-1-1024x559.jpeg\" alt=\"\" class=\"wp-image-1721\" style=\"width:766px;height:auto\" srcset=\"https:\/\/ezolli.org.mx\/wp-content\/uploads\/2026\/04\/WhatsApp-Image-2026-04-01-at-6.41.35-PM-1-1024x559.jpeg 1024w, https:\/\/ezolli.org.mx\/wp-content\/uploads\/2026\/04\/WhatsApp-Image-2026-04-01-at-6.41.35-PM-1-300x164.jpeg 300w, https:\/\/ezolli.org.mx\/wp-content\/uploads\/2026\/04\/WhatsApp-Image-2026-04-01-at-6.41.35-PM-1-768x419.jpeg 768w, https:\/\/ezolli.org.mx\/wp-content\/uploads\/2026\/04\/WhatsApp-Image-2026-04-01-at-6.41.35-PM-1-1536x838.jpeg 1536w, https:\/\/ezolli.org.mx\/wp-content\/uploads\/2026\/04\/WhatsApp-Image-2026-04-01-at-6.41.35-PM-1.jpeg 1600w\" sizes=\"auto, (max-width: 1024px) 100vw, 1024px\" \/><\/figure>\n<\/div><\/div>\n\n\n\n<p class=\"has-text-align-center\">\u00a1Te presentamos a las organizaciones del 2.\u00ba trimestre 2026, que estaremos participando en los meses de <strong>Abril, Mayo y Junio<\/strong>.<\/p>\n\n\n\n<p class=\"has-text-align-center\">Te invitamos a ser promotor y redondear tus <strong>centavos<\/strong> \ud83e\ude99 en las tiendas de  <strong>OXXO.<\/strong><\/p>\n\n\n\n<p class=\"has-text-align-center\">Pronto estas organizaciones de la sociedad civil estar\u00e1n visitando las diferentes ciudades y comunidades de nuestra entidad y de el estado de Puebla, para promover con el apoyo de OXXO la gran contribuci\u00f3n que realizan a nuestra sociedad. \u00a1Esperalos ya est\u00e1n en camino!<\/p>\n\n\n\n<p class=\"has-text-align-center has-luminous-vivid-amber-background-color has-background\">\u00a1Y no lo olvides, el <strong>redondeo de tus centavos <\/strong>ayudara ha alcanzar las <strong>metas de apoyo <\/strong>de nuestras organizaciones; porque nuestra sociedad<strong> lo necesita<\/strong>!<\/p>\n\n\n\n<hr class=\"wp-block-separator has-text-color has-alpha-channel-opacity has-background is-style-dots\" style=\"background-color:#f12b4d;color:#f12b4d\"\/>\n\n\n\n<div class=\"wp-block-uagb-advanced-heading uagb-block-99e2fe60\"><h2 class=\"uagb-heading-text\"><strong>Martes 16 de diciembre del 2025.<\/strong><\/h2><\/div>\n\n\n\n<div class=\"wp-block-uagb-container uagb-block-4aba0af1 alignwide uagb-is-root-container\">\n<figure class=\"wp-block-image aligncenter size-full is-resized\"><img loading=\"lazy\" decoding=\"async\" width=\"1410\" height=\"1182\" src=\"https:\/\/ezolli.org.mx\/wp-content\/uploads\/2026\/01\/Martes-16-de-diciembre-del-2025.-2.png\" alt=\"\" class=\"wp-image-1475\" style=\"width:971px;height:auto\" srcset=\"https:\/\/ezolli.org.mx\/wp-content\/uploads\/2026\/01\/Martes-16-de-diciembre-del-2025.-2.png 1410w, https:\/\/ezolli.org.mx\/wp-content\/uploads\/2026\/01\/Martes-16-de-diciembre-del-2025.-2-300x251.png 300w, https:\/\/ezolli.org.mx\/wp-content\/uploads\/2026\/01\/Martes-16-de-diciembre-del-2025.-2-1024x858.png 1024w, https:\/\/ezolli.org.mx\/wp-content\/uploads\/2026\/01\/Martes-16-de-diciembre-del-2025.-2-768x644.png 768w\" sizes=\"auto, (max-width: 1410px) 100vw, 1410px\" \/><\/figure>\n<\/div>\n\n\n\n<p><\/p>\n\n\n\n<div class=\"wp-block-uagb-container uagb-block-b6d2270e alignfull uagb-is-root-container\"><div class=\"uagb-container-inner-blocks-wrap\">\n<div class=\"wp-block-uagb-container uagb-block-c59dbeb7\">\n<figure class=\"wp-block-image size-large\"><img loading=\"lazy\" decoding=\"async\" width=\"801\" height=\"1024\" src=\"https:\/\/ezolli.org.mx\/wp-content\/uploads\/2026\/03\/001-1-801x1024.jpg\" alt=\"\" class=\"wp-image-1619\" srcset=\"https:\/\/ezolli.org.mx\/wp-content\/uploads\/2026\/03\/001-1-801x1024.jpg 801w, https:\/\/ezolli.org.mx\/wp-content\/uploads\/2026\/03\/001-1-235x300.jpg 235w, https:\/\/ezolli.org.mx\/wp-content\/uploads\/2026\/03\/001-1-768x981.jpg 768w, https:\/\/ezolli.org.mx\/wp-content\/uploads\/2026\/03\/001-1-1202x1536.jpg 1202w, https:\/\/ezolli.org.mx\/wp-content\/uploads\/2026\/03\/001-1-1603x2048.jpg 1603w, https:\/\/ezolli.org.mx\/wp-content\/uploads\/2026\/03\/001-1-scaled.jpg 2003w\" sizes=\"auto, (max-width: 801px) 100vw, 801px\" \/><\/figure>\n<\/div>\n\n\n\n<div class=\"wp-block-uagb-container uagb-block-387e39db\">\n<p class=\"has-text-align-center\" style=\"font-size:15px\"><strong>Martes 16 de diciembre del 2025.<\/strong><\/p>\n\n\n\n<p style=\"font-size:15px\">Atendimos una invitaci\u00f3n a la ciudad de Puebla por parte de <strong>Grupo FEMSA y OXXO<\/strong>, donde vivimos una gran sorpresa.<\/p>\n\n\n\n<p style=\"font-size:15px\">A las 10:00 de la ma\u00f1ana, nos reunimos junto con diversas asociaciones, fundaciones e Instituciones de Asistencia Privada, convocadas para conocer los resultados de las solicitudes de financiamiento de distintos proyectos institucionales.<\/p>\n\n\n\n<p style=\"font-size:15px\">Con enorme satisfacci\u00f3n, todas las organizaciones presentes resultamos <strong>beneficiarias del programa Cambio x Cambio OXXO<\/strong>, un reconocimiento que se otorga a instituciones que cumplen con altos est\u00e1ndares de responsabilidad, compromiso social y transparencia, tanto con sus beneficiarios como con las obligaciones que rigen a las Organizaciones de la Sociedad Civil.<\/p>\n\n\n\n<p style=\"font-size:15px\">Este importante programa dar\u00e1 inicio durante el presente a\u00f1o y permitir\u00e1 fortalecer los proyectos de las instituciones participantes.<\/p>\n\n\n\n<p style=\"font-size:15px\">\u00a1Nuestro m\u00e1s sincero agradecimiento a <strong>Grupo FEMSA y OXXO<\/strong>!<br>Deseamos el mayor de los \u00e9xitos a todas las instituciones beneficiarias y ganadoras de este valioso reconocimiento.<\/p>\n<\/div>\n<\/div><\/div>\n\n\n\n<p><\/p>\n","protected":false},"excerpt":{"rendered":"<p>Abril del 2026. \u00a1Te presentamos a las organizaciones del 2.\u00ba trimestre 2026, que estaremos participando en los meses de Abril, Mayo y Junio. Te invitamos a ser promotor y redondear tus centavos \ud83e\ude99 en las tiendas de OXXO. Pronto estas organizaciones de la sociedad civil estar\u00e1n visitando las diferentes ciudades y comunidades de nuestra entidad [&hellip;]<\/p>\n","protected":false},"author":2,"featured_media":0,"parent":0,"menu_order":0,"comment_status":"closed","ping_status":"closed","template":"","meta":{"_uag_custom_page_level_css":"","footnotes":""},"class_list":["post-44","page","type-page","status-publish","hentry"],"uagb_featured_image_src":{"full":false,"thumbnail":false,"medium":false,"medium_large":false,"large":false,"1536x1536":false,"2048x2048":false},"uagb_author_info":{"display_name":"Enrique Preza","author_link":"https:\/\/ezolli.org.mx\/index.php\/author\/enrique-preza\/"},"uagb_comment_info":0,"uagb_excerpt":"Abril del 2026. \u00a1Te presentamos a las organizaciones del 2.\u00ba trimestre 2026, que estaremos participando en los meses de Abril, Mayo y Junio. Te invitamos a ser promotor y redondear tus centavos \ud83e\ude99 en las tiendas de OXXO. Pronto estas organizaciones de la sociedad civil estar\u00e1n visitando las diferentes ciudades y comunidades de nuestra entidad&hellip;","_links":{"self":[{"href":"https:\/\/ezolli.org.mx\/index.php\/wp-json\/wp\/v2\/pages\/44","targetHints":{"allow":["GET"]}}],"collection":[{"href":"https:\/\/ezolli.org.mx\/index.php\/wp-json\/wp\/v2\/pages"}],"about":[{"href":"https:\/\/ezolli.org.mx\/index.php\/wp-json\/wp\/v2\/types\/page"}],"author":[{"embeddable":true,"href":"https:\/\/ezolli.org.mx\/index.php\/wp-json\/wp\/v2\/users\/2"}],"replies":[{"embeddable":true,"href":"https:\/\/ezolli.org.mx\/index.php\/wp-json\/wp\/v2\/comments?post=44"}],"version-history":[{"count":91,"href":"https:\/\/ezolli.org.mx\/index.php\/wp-json\/wp\/v2\/pages\/44\/revisions"}],"predecessor-version":[{"id":1990,"href":"https:\/\/ezolli.org.mx\/index.php\/wp-json\/wp\/v2\/pages\/44\/revisions\/1990"}],"wp:attachment":[{"href":"https:\/\/ezolli.org.mx\/index.php\/wp-json\/wp\/v2\/media?parent=44"}],"curies":[{"name":"wp","href":"https:\/\/api.w.org\/{rel}","templated":true}]}}