{"id":263,"date":"2024-03-27T15:36:52","date_gmt":"2024-03-27T15:36:52","guid":{"rendered":"https:\/\/ezolli.org.mx\/?page_id=263"},"modified":"2026-04-10T19:02:08","modified_gmt":"2026-04-10T19:02:08","slug":"dia-mundial-de-la-hemofilia","status":"publish","type":"page","link":"https:\/\/ezolli.org.mx\/index.php\/dia-mundial-de-la-hemofilia\/","title":{"rendered":"D\u00eda Mundial de la Hemofilia."},"content":{"rendered":"\n<p><\/p>\n\n\n\n<div class=\"wp-block-uagb-container uagb-block-1e5034b3 alignfull uagb-is-root-container\"><div class=\"uagb-container-inner-blocks-wrap\">\n<figure class=\"wp-block-image aligncenter size-full\"><img loading=\"lazy\" decoding=\"async\" width=\"1880\" height=\"1576\" src=\"https:\/\/ezolli.org.mx\/wp-content\/uploads\/2025\/09\/Reconocemos-todos-los-trastornos-de-la-coagulacion.-2.jpg\" alt=\"\" class=\"wp-image-1022\" srcset=\"https:\/\/ezolli.org.mx\/wp-content\/uploads\/2025\/09\/Reconocemos-todos-los-trastornos-de-la-coagulacion.-2.jpg 1880w, https:\/\/ezolli.org.mx\/wp-content\/uploads\/2025\/09\/Reconocemos-todos-los-trastornos-de-la-coagulacion.-2-300x251.jpg 300w, https:\/\/ezolli.org.mx\/wp-content\/uploads\/2025\/09\/Reconocemos-todos-los-trastornos-de-la-coagulacion.-2-1024x858.jpg 1024w, https:\/\/ezolli.org.mx\/wp-content\/uploads\/2025\/09\/Reconocemos-todos-los-trastornos-de-la-coagulacion.-2-768x644.jpg 768w, https:\/\/ezolli.org.mx\/wp-content\/uploads\/2025\/09\/Reconocemos-todos-los-trastornos-de-la-coagulacion.-2-1536x1288.jpg 1536w\" sizes=\"auto, (max-width: 1880px) 100vw, 1880px\" \/><\/figure>\n<\/div><\/div>\n\n\n\n<hr class=\"wp-block-separator alignwide has-text-color has-luminous-vivid-orange-color has-alpha-channel-opacity has-luminous-vivid-orange-background-color has-background is-style-wide\" style=\"margin-top:var(--wp--preset--spacing--50);margin-bottom:var(--wp--preset--spacing--50)\"\/>\n\n\n\n<hr class=\"wp-block-separator aligncenter has-text-color has-luminous-vivid-orange-color has-alpha-channel-opacity has-luminous-vivid-orange-background-color has-background is-style-dots\" style=\"margin-top:0;margin-bottom:0\"\/>\n\n\n\n<p class=\"has-text-align-center has-ti-fg-alt-color has-vivid-cyan-blue-background-color has-text-color has-background has-link-color has-medium-font-size wp-elements-5cf36da4e3f8cb7560306a6697b3ff49\"><strong>Celebraci\u00f3n del D\u00eda Mundial de la Hemofilia en el Estado de Tlaxcala.<\/strong><\/p>\n\n\n\n<p><\/p>\n\n\n\n<div class=\"wp-block-uagb-container uagb-block-d2ad6a0d alignfull uagb-is-root-container\"><div class=\"uagb-container-inner-blocks-wrap\">\n<div class=\"wp-block-uagb-container uagb-block-b7df2ddf\">\n<figure class=\"wp-block-image size-large\"><img loading=\"lazy\" decoding=\"async\" width=\"768\" height=\"1024\" src=\"https:\/\/ezolli.org.mx\/wp-content\/uploads\/2026\/04\/17-de-abril-dia-mundial-de-la-Hemofilia-1-768x1024.png\" alt=\"\" class=\"wp-image-1716\" srcset=\"https:\/\/ezolli.org.mx\/wp-content\/uploads\/2026\/04\/17-de-abril-dia-mundial-de-la-Hemofilia-1-768x1024.png 768w, https:\/\/ezolli.org.mx\/wp-content\/uploads\/2026\/04\/17-de-abril-dia-mundial-de-la-Hemofilia-1-225x300.png 225w, https:\/\/ezolli.org.mx\/wp-content\/uploads\/2026\/04\/17-de-abril-dia-mundial-de-la-Hemofilia-1-1152x1536.png 1152w, https:\/\/ezolli.org.mx\/wp-content\/uploads\/2026\/04\/17-de-abril-dia-mundial-de-la-Hemofilia-1-1536x2048.png 1536w, https:\/\/ezolli.org.mx\/wp-content\/uploads\/2026\/04\/17-de-abril-dia-mundial-de-la-Hemofilia-1-scaled.png 1920w\" sizes=\"auto, (max-width: 768px) 100vw, 768px\" \/><\/figure>\n<\/div>\n\n\n\n<div class=\"wp-block-uagb-container uagb-block-a216bbad\">\n<p class=\"has-text-align-center has-vivid-cyan-blue-color has-text-color has-link-color wp-elements-3f6d02c1e5608975aa9c9bb5d73d5cb0\" style=\"margin-top:0;margin-bottom:0\"><strong>Hola a toda nuestra comunidad y familia EZOLLI A. C<\/strong>.<\/p>\n\n\n\n<p class=\"has-small-font-size\" style=\"margin-top:0;margin-bottom:0\">Reciban un cordial saludo. Por este medio, les extendemos una atenta invitaci\u00f3n a todos nuestros beneficiarios, asociados, familiares y amigos para que nos acompa\u00f1en en la pr\u00f3xima <strong>celebraci\u00f3n del D\u00eda Mundial de la Hemofilia<\/strong>.<\/p>\n\n\n\n<p class=\"has-small-font-size\" style=\"margin-top:0;margin-bottom:0\">Como parte de esta significativa fecha, estaremos realizando nuestra ya tradicional <strong>fotograf\u00eda grupal<\/strong>, un momento muy especial para compartir, convivir y fortalecer los lazos que nos unen como comunidad. Esperamos contar con una participaci\u00f3n a\u00fan mayor que en nuestra celebraci\u00f3n anterior.<\/p>\n\n\n\n<p class=\"has-small-font-size\" style=\"margin-top:0;margin-bottom:0\">En esta ocasi\u00f3n, nuestra convivencia se llevar\u00e1 a cabo en la <strong>Ciudad de Huamantla<\/strong>, donde realizaremos una visita al <strong>Museo Nacional del T\u00edtere Rosete Aranda<\/strong>, cuya <strong>entrada es gratuita<\/strong>.<\/p>\n\n\n\n<p class=\"has-small-font-size\" style=\"margin-top:0;margin-bottom:0\">Asimismo, para quienes deseen acompa\u00f1arnos, tambi\u00e9n asistiremos a una <strong>funci\u00f3n de t\u00edteres<\/strong>, pensada para el disfrute de <strong>ni\u00f1as, ni\u00f1os, j\u00f3venes y adultos<\/strong>. M\u00e1s adelante les estaremos compartiendo la informaci\u00f3n correspondiente sobre el <strong>costo de acceso<\/strong> a dicha funci\u00f3n.<\/p>\n\n\n\n<p class=\"has-small-font-size\" style=\"margin-top:0;margin-bottom:0\">Sin m\u00e1s por el momento, les recordamos que <strong>abril es un mes muy especial para todos nosotros<\/strong>, ya que representa un tiempo de uni\u00f3n, visibilidad, concientizaci\u00f3n y celebraci\u00f3n para nuestra comunidad.<\/p>\n\n\n\n<p style=\"margin-top:0;margin-bottom:0\"><strong>\u00a1Esperamos contar con su valiosa asistencia!<\/strong><\/p>\n\n\n\n<p class=\"has-text-align-center has-small-font-size\" style=\"margin-top:0;margin-bottom:0\"><strong>Saludos cordiales.<\/strong><br><strong>Atte. Consejo Directivo y Vocales de EZOLLI A.C.<\/strong><\/p>\n<\/div>\n<\/div><\/div>\n\n\n\n<hr class=\"wp-block-separator has-text-color has-alpha-channel-opacity has-background is-style-dots\" style=\"background-color:#ffed25;color:#ffed25\"\/>\n\n\n\n<div class=\"wp-block-uagb-container uagb-block-5213c9fa alignfull uagb-is-root-container\"><div class=\"uagb-container-inner-blocks-wrap\">\n<div class=\"wp-block-uagb-container uagb-block-1c509acf\">\n<figure class=\"wp-block-image size-large\"><img loading=\"lazy\" decoding=\"async\" width=\"819\" height=\"1024\" src=\"https:\/\/ezolli.org.mx\/wp-content\/uploads\/2026\/04\/WhatsApp-Image-2026-04-10-at-11.44.36-AM-819x1024.jpeg\" alt=\"\" class=\"wp-image-1993\" srcset=\"https:\/\/ezolli.org.mx\/wp-content\/uploads\/2026\/04\/WhatsApp-Image-2026-04-10-at-11.44.36-AM-819x1024.jpeg 819w, https:\/\/ezolli.org.mx\/wp-content\/uploads\/2026\/04\/WhatsApp-Image-2026-04-10-at-11.44.36-AM-240x300.jpeg 240w, https:\/\/ezolli.org.mx\/wp-content\/uploads\/2026\/04\/WhatsApp-Image-2026-04-10-at-11.44.36-AM-768x960.jpeg 768w, https:\/\/ezolli.org.mx\/wp-content\/uploads\/2026\/04\/WhatsApp-Image-2026-04-10-at-11.44.36-AM-1229x1536.jpeg 1229w, https:\/\/ezolli.org.mx\/wp-content\/uploads\/2026\/04\/WhatsApp-Image-2026-04-10-at-11.44.36-AM.jpeg 1280w\" sizes=\"auto, (max-width: 819px) 100vw, 819px\" \/><\/figure>\n<\/div>\n\n\n\n<div class=\"wp-block-uagb-container uagb-block-68ba0d30\">\n<h3 class=\"wp-block-heading has-text-align-center has-text-color has-link-color wp-elements-f9b39ac73f6ef90190afefdaf4640a15\" style=\"color:#ff0000;margin-top:0;margin-bottom:0\">17 de Abril.<\/h3>\n\n\n\n<p class=\"has-text-align-center has-text-color has-link-color has-medium-font-size wp-elements-70ca3c6ed81d2c27fa26c83ad6b18af6\" style=\"color:#f60000;margin-top:0;margin-bottom:0\"><strong>D\u00eda Mundial de la Hemofilia<\/strong><\/p>\n\n\n\n<p class=\"has-text-align-center has-small-font-size\">Hoy, en el marco del <strong>D\u00eda Mundial de la Hemofilia<\/strong>, reafirmamos nuestro compromiso con la visibilizaci\u00f3n, el diagn\u00f3stico oportuno y el acceso a tratamientos dignos para todas las personas que viven con trastornos de la coagulaci\u00f3n.<\/p>\n\n\n\n<p class=\"has-text-align-center has-small-font-size\" style=\"margin-top:0;margin-bottom:0\">Desde la Federaci\u00f3n de Hemofilia de la Rep\u00fablica Mexicana, trabajamos cada d\u00eda para construir una comunidad m\u00e1s informada, emp\u00e1tica y unida, donde cada paciente tenga la oportunidad de vivir con calidad y plenitud.<\/p>\n\n\n\n<p class=\"has-text-align-center\" style=\"margin-top:0;margin-bottom:0\">Sumemos esfuerzos, hagamos conciencia y sigamos avanzando juntos.<br><strong>La hemofilia no nos define, nos une.<\/strong><\/p>\n<\/div>\n<\/div><\/div>\n\n\n\n<p><\/p>\n\n\n\n<div class=\"wp-block-uagb-container uagb-block-5a6a6228 alignfull uagb-is-root-container\"><div class=\"uagb-container-inner-blocks-wrap\">\n<div class=\"wp-block-uagb-container uagb-block-df251a8d\">\n<figure class=\"wp-block-image size-large\"><img loading=\"lazy\" decoding=\"async\" width=\"683\" height=\"1024\" src=\"https:\/\/ezolli.org.mx\/wp-content\/uploads\/2026\/04\/WhatsApp-Image-2026-04-10-at-11.59.36-AM-683x1024.jpeg\" alt=\"\" class=\"wp-image-1995\" srcset=\"https:\/\/ezolli.org.mx\/wp-content\/uploads\/2026\/04\/WhatsApp-Image-2026-04-10-at-11.59.36-AM-683x1024.jpeg 683w, https:\/\/ezolli.org.mx\/wp-content\/uploads\/2026\/04\/WhatsApp-Image-2026-04-10-at-11.59.36-AM-200x300.jpeg 200w, https:\/\/ezolli.org.mx\/wp-content\/uploads\/2026\/04\/WhatsApp-Image-2026-04-10-at-11.59.36-AM-768x1152.jpeg 768w, https:\/\/ezolli.org.mx\/wp-content\/uploads\/2026\/04\/WhatsApp-Image-2026-04-10-at-11.59.36-AM.jpeg 1024w\" sizes=\"auto, (max-width: 683px) 100vw, 683px\" \/><\/figure>\n<\/div>\n\n\n\n<div class=\"wp-block-uagb-container uagb-block-8ab1c30b\">\n<p class=\"has-text-align-center\" style=\"margin-top:0;margin-bottom:0\">Como parte de las actividades conmemorativas, la <strong>Federaci\u00f3n de Hemofilia de la Rep\u00fablica Mexicana<\/strong> invita a pacientes a participar en una jornada de <strong>valoraciones articulares especializadas<\/strong>.<\/p>\n\n\n\n<p style=\"margin-top:0;margin-bottom:0\">\ud83d\udcc5 <strong>Fecha:<\/strong> 12 de abril<br>\ud83d\udccd <strong>Lugar:<\/strong> Explanada de la Alcald\u00eda Cuauht\u00e9moc<\/p>\n\n\n\n<p class=\"has-text-align-center has-small-font-size\">Este espacio tiene como objetivo brindar atenci\u00f3n, orientaci\u00f3n y seguimiento cl\u00ednico a quienes lo requieran, contribuyendo a mejorar su calidad de vida.<\/p>\n\n\n\n<p class=\"has-text-align-center\">Cupo limitado. Te invitamos a registrarte y aprovechar este servicio.<br><strong>Tu salud es primero.<\/strong><\/p>\n<\/div>\n<\/div><\/div>\n\n\n\n<hr class=\"wp-block-separator has-alpha-channel-opacity is-style-dots\"\/>\n\n\n\n<div class=\"wp-block-uagb-container uagb-block-d7069658 alignfull uagb-is-root-container\"><div class=\"uagb-container-inner-blocks-wrap\">\n<div class=\"wp-block-uagb-container uagb-block-f710f113\">\n<figure class=\"wp-block-image size-large\"><img loading=\"lazy\" decoding=\"async\" width=\"791\" height=\"1024\" src=\"https:\/\/ezolli.org.mx\/wp-content\/uploads\/2026\/01\/WHD-2026-poster-02-791x1024.jpg\" alt=\"\" class=\"wp-image-1451\" srcset=\"https:\/\/ezolli.org.mx\/wp-content\/uploads\/2026\/01\/WHD-2026-poster-02-791x1024.jpg 791w, https:\/\/ezolli.org.mx\/wp-content\/uploads\/2026\/01\/WHD-2026-poster-02-232x300.jpg 232w, https:\/\/ezolli.org.mx\/wp-content\/uploads\/2026\/01\/WHD-2026-poster-02-768x994.jpg 768w, https:\/\/ezolli.org.mx\/wp-content\/uploads\/2026\/01\/WHD-2026-poster-02-1187x1536.jpg 1187w, https:\/\/ezolli.org.mx\/wp-content\/uploads\/2026\/01\/WHD-2026-poster-02.jpg 1275w\" sizes=\"auto, (max-width: 791px) 100vw, 791px\" \/><\/figure>\n<\/div>\n\n\n\n<div class=\"wp-block-uagb-container uagb-block-e137bd63\">\n<figure class=\"wp-block-image size-full\"><img loading=\"lazy\" decoding=\"async\" width=\"594\" height=\"540\" src=\"https:\/\/ezolli.org.mx\/wp-content\/uploads\/2024\/03\/WHD2022-logo-ES.jpg\" alt=\"\" class=\"wp-image-204\"\/><figcaption class=\"wp-element-caption\">D\u00eda Mundial de la Hemofilia.<\/figcaption><\/figure>\n<\/div>\n\n\n\n<div class=\"wp-block-uagb-container uagb-block-6121239f\">\n<figure class=\"wp-block-image size-large\"><img loading=\"lazy\" decoding=\"async\" width=\"791\" height=\"1024\" src=\"https:\/\/ezolli.org.mx\/wp-content\/uploads\/2026\/01\/WHD-2026-poster-03-791x1024.jpg\" alt=\"\" class=\"wp-image-1452\" srcset=\"https:\/\/ezolli.org.mx\/wp-content\/uploads\/2026\/01\/WHD-2026-poster-03-791x1024.jpg 791w, https:\/\/ezolli.org.mx\/wp-content\/uploads\/2026\/01\/WHD-2026-poster-03-232x300.jpg 232w, https:\/\/ezolli.org.mx\/wp-content\/uploads\/2026\/01\/WHD-2026-poster-03-768x994.jpg 768w, https:\/\/ezolli.org.mx\/wp-content\/uploads\/2026\/01\/WHD-2026-poster-03-1187x1536.jpg 1187w, https:\/\/ezolli.org.mx\/wp-content\/uploads\/2026\/01\/WHD-2026-poster-03.jpg 1275w\" sizes=\"auto, (max-width: 791px) 100vw, 791px\" \/><\/figure>\n<\/div>\n<\/div><\/div>\n\n\n\n<p><\/p>\n\n\n\n<div data-aos= \"slide-right\" data-aos-duration=\"400\" data-aos-delay=\"0\" data-aos-easing=\"ease\" data-aos-once=\"true\" class=\"wp-block-uagb-container uagb-block-1e5f2f7f alignfull uagb-is-root-container\"><div class=\"uagb-container-inner-blocks-wrap\">\n<div class=\"wp-block-uagb-container uagb-block-babd3929\">\n<figure class=\"wp-block-image size-large\"><img loading=\"lazy\" decoding=\"async\" width=\"801\" height=\"1024\" src=\"https:\/\/ezolli.org.mx\/wp-content\/uploads\/2026\/01\/WHD-2026-poster-01-801x1024.jpg\" alt=\"\" class=\"wp-image-1453\" srcset=\"https:\/\/ezolli.org.mx\/wp-content\/uploads\/2026\/01\/WHD-2026-poster-01-801x1024.jpg 801w, https:\/\/ezolli.org.mx\/wp-content\/uploads\/2026\/01\/WHD-2026-poster-01-235x300.jpg 235w, https:\/\/ezolli.org.mx\/wp-content\/uploads\/2026\/01\/WHD-2026-poster-01-768x981.jpg 768w, https:\/\/ezolli.org.mx\/wp-content\/uploads\/2026\/01\/WHD-2026-poster-01-1202x1536.jpg 1202w, https:\/\/ezolli.org.mx\/wp-content\/uploads\/2026\/01\/WHD-2026-poster-01-1603x2048.jpg 1603w, https:\/\/ezolli.org.mx\/wp-content\/uploads\/2026\/01\/WHD-2026-poster-01-scaled.jpg 2003w\" sizes=\"auto, (max-width: 801px) 100vw, 801px\" \/><\/figure>\n<\/div>\n\n\n\n<div class=\"wp-block-uagb-container uagb-block-096e9437\">\n<figure class=\"wp-block-image size-full\"><img loading=\"lazy\" decoding=\"async\" width=\"1728\" height=\"2304\" src=\"https:\/\/ezolli.org.mx\/wp-content\/uploads\/2025\/11\/Frank-Schnabel.-FMH.png\" alt=\"\" class=\"wp-image-1358\" srcset=\"https:\/\/ezolli.org.mx\/wp-content\/uploads\/2025\/11\/Frank-Schnabel.-FMH.png 1728w, https:\/\/ezolli.org.mx\/wp-content\/uploads\/2025\/11\/Frank-Schnabel.-FMH-225x300.png 225w, https:\/\/ezolli.org.mx\/wp-content\/uploads\/2025\/11\/Frank-Schnabel.-FMH-768x1024.png 768w, https:\/\/ezolli.org.mx\/wp-content\/uploads\/2025\/11\/Frank-Schnabel.-FMH-1152x1536.png 1152w, https:\/\/ezolli.org.mx\/wp-content\/uploads\/2025\/11\/Frank-Schnabel.-FMH-1536x2048.png 1536w\" sizes=\"auto, (max-width: 1728px) 100vw, 1728px\" \/><\/figure>\n<\/div>\n<\/div><\/div>\n\n\n\n<div class=\"wp-block-uagb-container uagb-block-ebd51703 alignfull uagb-is-root-container\"><div class=\"uagb-container-inner-blocks-wrap\">\n<div class=\"wp-block-uagb-container uagb-block-2a0e22b2\">\n<figure class=\"wp-block-image size-full\"><img loading=\"lazy\" decoding=\"async\" width=\"1728\" height=\"2304\" src=\"https:\/\/ezolli.org.mx\/wp-content\/uploads\/2024\/03\/El-tema-del-evento-de-este-ano-es-Acceso-equitativo-para-todos-Reconocemos-todos-los-trastornos-de-la-coagulacion.-La-vision-de-Tratamiento-para-todos-de-la-FMH-es-la-de-un-mundo-en-el-que-todas-l.png\" alt=\"\" class=\"wp-image-272\"\/><figcaption class=\"wp-element-caption\">D\u00eda Mundial de la Hemofilia, 17 de abril del 2024.<\/figcaption><\/figure>\n<\/div>\n\n\n\n<div class=\"wp-block-uagb-container uagb-block-a74bbb8d\">\n<div class=\"wp-block-uagb-container uagb-block-c719288b\">\n<figure class=\"wp-block-image size-large\"><img loading=\"lazy\" decoding=\"async\" width=\"1024\" height=\"535\" src=\"https:\/\/ezolli.org.mx\/wp-content\/uploads\/2025\/11\/60th-header-SP-1024x535.webp\" alt=\"\" class=\"wp-image-1253\" srcset=\"https:\/\/ezolli.org.mx\/wp-content\/uploads\/2025\/11\/60th-header-SP-1024x535.webp 1024w, https:\/\/ezolli.org.mx\/wp-content\/uploads\/2025\/11\/60th-header-SP-300x157.webp 300w, https:\/\/ezolli.org.mx\/wp-content\/uploads\/2025\/11\/60th-header-SP-768x401.webp 768w, https:\/\/ezolli.org.mx\/wp-content\/uploads\/2025\/11\/60th-header-SP.webp 1200w\" sizes=\"auto, (max-width: 1024px) 100vw, 1024px\" \/><\/figure>\n<\/div>\n\n\n\n<h2 class=\"wp-block-heading has-text-align-center has-text-color has-link-color wp-elements-9decc7063c9713249507f31eed4d6e75\" style=\"color:#fe0000;margin-top:0;margin-bottom:0\"><mark style=\"background-color:rgba(0, 0, 0, 0);color:#ff0000\" class=\"has-inline-color\">\u00bfQuieres conocer m\u00e1s sobre la Federaci\u00f3n Mundial de Hemofilia?<\/mark><mark style=\"background-color:rgba(0, 0, 0, 0);color:#ca0000\" class=\"has-inline-color\">  <\/mark><\/h2>\n\n\n\n<p class=\"has-text-align-center\" style=\"margin-top:0;margin-bottom:0\"><strong>Consulta este enlace:<\/strong><\/p>\n\n\n\n<div class=\"wp-block-buttons is-content-justification-center is-layout-flex wp-container-core-buttons-is-layout-a89b3969 wp-block-buttons-is-layout-flex\">\n<div class=\"wp-block-button\"><a class=\"wp-block-button__link has-background wp-element-button\" href=\"https:\/\/wfh.org\/es\/\" style=\"background-color:#f70000\">WHD 2026<\/a><\/div>\n<\/div>\n<\/div>\n<\/div><\/div>\n\n\n\n<p><\/p>\n","protected":false},"excerpt":{"rendered":"<p>Celebraci\u00f3n del D\u00eda Mundial de la Hemofilia en el Estado de Tlaxcala. Hola a toda nuestra comunidad y familia EZOLLI A. C. Reciban un cordial saludo. Por este medio, les extendemos una atenta invitaci\u00f3n a todos nuestros beneficiarios, asociados, familiares y amigos para que nos acompa\u00f1en en la pr\u00f3xima celebraci\u00f3n del D\u00eda Mundial de la [&hellip;]<\/p>\n","protected":false},"author":3,"featured_media":0,"parent":0,"menu_order":0,"comment_status":"closed","ping_status":"closed","template":"","meta":{"_uag_custom_page_level_css":"","footnotes":""},"class_list":["post-263","page","type-page","status-publish","hentry"],"uagb_featured_image_src":{"full":false,"thumbnail":false,"medium":false,"medium_large":false,"large":false,"1536x1536":false,"2048x2048":false},"uagb_author_info":{"display_name":"Enrique G\u00f3mez","author_link":"https:\/\/ezolli.org.mx\/index.php\/author\/adminezolli\/"},"uagb_comment_info":0,"uagb_excerpt":"Celebraci\u00f3n del D\u00eda Mundial de la Hemofilia en el Estado de Tlaxcala. Hola a toda nuestra comunidad y familia EZOLLI A. C. Reciban un cordial saludo. Por este medio, les extendemos una atenta invitaci\u00f3n a todos nuestros beneficiarios, asociados, familiares y amigos para que nos acompa\u00f1en en la pr\u00f3xima celebraci\u00f3n del D\u00eda Mundial de la&hellip;","_links":{"self":[{"href":"https:\/\/ezolli.org.mx\/index.php\/wp-json\/wp\/v2\/pages\/263","targetHints":{"allow":["GET"]}}],"collection":[{"href":"https:\/\/ezolli.org.mx\/index.php\/wp-json\/wp\/v2\/pages"}],"about":[{"href":"https:\/\/ezolli.org.mx\/index.php\/wp-json\/wp\/v2\/types\/page"}],"author":[{"embeddable":true,"href":"https:\/\/ezolli.org.mx\/index.php\/wp-json\/wp\/v2\/users\/3"}],"replies":[{"embeddable":true,"href":"https:\/\/ezolli.org.mx\/index.php\/wp-json\/wp\/v2\/comments?post=263"}],"version-history":[{"count":49,"href":"https:\/\/ezolli.org.mx\/index.php\/wp-json\/wp\/v2\/pages\/263\/revisions"}],"predecessor-version":[{"id":2001,"href":"https:\/\/ezolli.org.mx\/index.php\/wp-json\/wp\/v2\/pages\/263\/revisions\/2001"}],"wp:attachment":[{"href":"https:\/\/ezolli.org.mx\/index.php\/wp-json\/wp\/v2\/media?parent=263"}],"curies":[{"name":"wp","href":"https:\/\/api.w.org\/{rel}","templated":true}]}}