{"id":1539,"date":"2026-02-03T21:57:12","date_gmt":"2026-02-03T21:57:12","guid":{"rendered":"https:\/\/ezolli.org.mx\/?page_id=1539"},"modified":"2026-04-05T17:51:59","modified_gmt":"2026-04-05T17:51:59","slug":"quienes-conforman-nuestro-equipo-de-trabajo","status":"publish","type":"page","link":"https:\/\/ezolli.org.mx\/index.php\/quienes-conforman-nuestro-equipo-de-trabajo\/","title":{"rendered":"Quienes conforman nuestro equipo de trabajo:"},"content":{"rendered":"\n<header class=\"wp-block-uagb-advanced-heading uagb-block-5199a6c9\"><h2 class=\"uagb-heading-text\"><strong>CONSEJO DIRECTIVO Y VOCALES DE EZOLLI A. C.<\/strong><\/h2><\/header>\n\n\n\n<div class=\"wp-block-uagb-container uagb-block-32ca206d alignfull uagb-is-root-container\"><div class=\"uagb-container-inner-blocks-wrap\">\n<p class=\"has-text-align-center has-background\" style=\"background-color:#ff7878a8;font-size:18px\">\u00abEn EZOLLI Asociaci\u00f3n Civil, nuestro Consejo Directivo est\u00e1 integrado por corazones comprometidos: pacientes, padres, madres, abuelos y ciudadanos solidarios que, con esp\u00edritu de servicio, unen su experiencia y voluntad para fortalecer la salud y calidad de vida de las personas con coagulopat\u00edas. Cada miembro aporta no solo conocimiento, sino tambi\u00e9n empat\u00eda y compromiso, reflejando la uni\u00f3n de una comunidad que trabaja d\u00eda a d\u00eda por un mismo objetivo: dar voz, apoyo y esperanza a quienes viven con enfermedades de la coagulaci\u00f3n.\u00bb<\/p>\n\n\n\n<p class=\"has-text-align-right has-background\" style=\"background-color:#0792e3b8;font-size:19px\"><strong>\u201cServir siempre con humanidad, voluntad, empat\u00eda y compromiso solidario\u201d.<\/strong><\/p>\n<\/div><\/div>\n\n\n\n<div class=\"wp-block-uagb-advanced-heading uagb-block-95836691\"><h2 class=\"uagb-heading-text\">Consejo Directivo.<\/h2><\/div>\n\n\n\n<p><\/p>\n\n\n\n<div class=\"wp-block-uagb-container uagb-block-f965f5a0 alignfull uagb-is-root-container\"><div class=\"uagb-container-inner-blocks-wrap\">\n<figure class=\"wp-block-image aligncenter size-large\"><img loading=\"lazy\" decoding=\"async\" width=\"1024\" height=\"512\" src=\"https:\/\/ezolli.org.mx\/wp-content\/uploads\/2025\/09\/ORGANIGRAMA-2025-1024x512.png\" alt=\"\" class=\"wp-image-861\" srcset=\"https:\/\/ezolli.org.mx\/wp-content\/uploads\/2025\/09\/ORGANIGRAMA-2025-1024x512.png 1024w, https:\/\/ezolli.org.mx\/wp-content\/uploads\/2025\/09\/ORGANIGRAMA-2025-300x150.png 300w, https:\/\/ezolli.org.mx\/wp-content\/uploads\/2025\/09\/ORGANIGRAMA-2025-768x384.png 768w, https:\/\/ezolli.org.mx\/wp-content\/uploads\/2025\/09\/ORGANIGRAMA-2025-1536x768.png 1536w, https:\/\/ezolli.org.mx\/wp-content\/uploads\/2025\/09\/ORGANIGRAMA-2025-2048x1024.png 2048w\" sizes=\"auto, (max-width: 1024px) 100vw, 1024px\" \/><\/figure>\n<\/div><\/div>\n\n\n\n<div class=\"wp-block-uagb-container uagb-block-1e0aa520 alignfull uagb-is-root-container\"><div class=\"uagb-container-inner-blocks-wrap\">\n<div class=\"wp-block-uagb-container uagb-block-8f5c4909\">\n<figure class=\"wp-block-image size-large\"><img loading=\"lazy\" decoding=\"async\" width=\"1024\" height=\"512\" src=\"https:\/\/ezolli.org.mx\/wp-content\/uploads\/2026\/01\/ORGANIGRAMA-2025-3-1024x512.png\" alt=\"\" class=\"wp-image-1445\" srcset=\"https:\/\/ezolli.org.mx\/wp-content\/uploads\/2026\/01\/ORGANIGRAMA-2025-3-1024x512.png 1024w, https:\/\/ezolli.org.mx\/wp-content\/uploads\/2026\/01\/ORGANIGRAMA-2025-3-300x150.png 300w, https:\/\/ezolli.org.mx\/wp-content\/uploads\/2026\/01\/ORGANIGRAMA-2025-3-768x384.png 768w, https:\/\/ezolli.org.mx\/wp-content\/uploads\/2026\/01\/ORGANIGRAMA-2025-3-1536x768.png 1536w, https:\/\/ezolli.org.mx\/wp-content\/uploads\/2026\/01\/ORGANIGRAMA-2025-3-2048x1024.png 2048w\" sizes=\"auto, (max-width: 1024px) 100vw, 1024px\" \/><\/figure>\n<\/div>\n<\/div><\/div>\n\n\n\n<div class=\"wp-block-uagb-container uagb-block-a9c6148e alignfull uagb-is-root-container\"><div class=\"uagb-container-inner-blocks-wrap\">\n<div class=\"wp-block-uagb-container uagb-block-a5927f5a\">\n<figure class=\"wp-block-image size-large\"><img loading=\"lazy\" decoding=\"async\" width=\"1024\" height=\"512\" src=\"https:\/\/ezolli.org.mx\/wp-content\/uploads\/2025\/09\/ORGANIGRAMA-2025-2-1024x512.png\" alt=\"\" class=\"wp-image-860\" srcset=\"https:\/\/ezolli.org.mx\/wp-content\/uploads\/2025\/09\/ORGANIGRAMA-2025-2-1024x512.png 1024w, https:\/\/ezolli.org.mx\/wp-content\/uploads\/2025\/09\/ORGANIGRAMA-2025-2-300x150.png 300w, https:\/\/ezolli.org.mx\/wp-content\/uploads\/2025\/09\/ORGANIGRAMA-2025-2-768x384.png 768w, https:\/\/ezolli.org.mx\/wp-content\/uploads\/2025\/09\/ORGANIGRAMA-2025-2-1536x768.png 1536w, https:\/\/ezolli.org.mx\/wp-content\/uploads\/2025\/09\/ORGANIGRAMA-2025-2-2048x1024.png 2048w\" sizes=\"auto, (max-width: 1024px) 100vw, 1024px\" \/><\/figure>\n<\/div>\n\n\n\n<div class=\"wp-block-uagb-container uagb-block-6e10ddc4\">\n<figure class=\"wp-block-image size-large\"><img loading=\"lazy\" decoding=\"async\" width=\"1024\" height=\"512\" src=\"https:\/\/ezolli.org.mx\/wp-content\/uploads\/2025\/09\/ORGANIGRAMA-2025-4-1024x512.png\" alt=\"\" class=\"wp-image-863\" srcset=\"https:\/\/ezolli.org.mx\/wp-content\/uploads\/2025\/09\/ORGANIGRAMA-2025-4-1024x512.png 1024w, https:\/\/ezolli.org.mx\/wp-content\/uploads\/2025\/09\/ORGANIGRAMA-2025-4-300x150.png 300w, https:\/\/ezolli.org.mx\/wp-content\/uploads\/2025\/09\/ORGANIGRAMA-2025-4-768x384.png 768w, https:\/\/ezolli.org.mx\/wp-content\/uploads\/2025\/09\/ORGANIGRAMA-2025-4-1536x768.png 1536w, https:\/\/ezolli.org.mx\/wp-content\/uploads\/2025\/09\/ORGANIGRAMA-2025-4-2048x1024.png 2048w\" sizes=\"auto, (max-width: 1024px) 100vw, 1024px\" \/><\/figure>\n<\/div>\n<\/div><\/div>\n\n\n\n<div class=\"wp-block-uagb-advanced-heading uagb-block-499c254d\"><h2 class=\"uagb-heading-text\">Vocales.<\/h2><\/div>\n\n\n\n<div class=\"wp-block-uagb-container uagb-block-be633937 alignfull uagb-is-root-container\"><div class=\"uagb-container-inner-blocks-wrap\">\n<div class=\"wp-block-uagb-container uagb-block-d8fd282c\">\n<figure class=\"wp-block-image size-large\"><img loading=\"lazy\" decoding=\"async\" width=\"1024\" height=\"512\" src=\"https:\/\/ezolli.org.mx\/wp-content\/uploads\/2025\/09\/ORGANIGRAMA-2025-1-1024x512.png\" alt=\"\" class=\"wp-image-859\" srcset=\"https:\/\/ezolli.org.mx\/wp-content\/uploads\/2025\/09\/ORGANIGRAMA-2025-1-1024x512.png 1024w, https:\/\/ezolli.org.mx\/wp-content\/uploads\/2025\/09\/ORGANIGRAMA-2025-1-300x150.png 300w, https:\/\/ezolli.org.mx\/wp-content\/uploads\/2025\/09\/ORGANIGRAMA-2025-1-768x384.png 768w, https:\/\/ezolli.org.mx\/wp-content\/uploads\/2025\/09\/ORGANIGRAMA-2025-1-1536x768.png 1536w, https:\/\/ezolli.org.mx\/wp-content\/uploads\/2025\/09\/ORGANIGRAMA-2025-1-2048x1024.png 2048w\" sizes=\"auto, (max-width: 1024px) 100vw, 1024px\" \/><\/figure>\n<\/div>\n\n\n\n<div class=\"wp-block-uagb-container uagb-block-7bc358f8\">\n<figure class=\"wp-block-image size-large\"><img loading=\"lazy\" decoding=\"async\" width=\"1024\" height=\"512\" src=\"https:\/\/ezolli.org.mx\/wp-content\/uploads\/2025\/09\/ORGANIGRAMA-2025-3-1024x512.png\" alt=\"\" class=\"wp-image-858\" srcset=\"https:\/\/ezolli.org.mx\/wp-content\/uploads\/2025\/09\/ORGANIGRAMA-2025-3-1024x512.png 1024w, https:\/\/ezolli.org.mx\/wp-content\/uploads\/2025\/09\/ORGANIGRAMA-2025-3-300x150.png 300w, https:\/\/ezolli.org.mx\/wp-content\/uploads\/2025\/09\/ORGANIGRAMA-2025-3-768x384.png 768w, https:\/\/ezolli.org.mx\/wp-content\/uploads\/2025\/09\/ORGANIGRAMA-2025-3-1536x768.png 1536w, https:\/\/ezolli.org.mx\/wp-content\/uploads\/2025\/09\/ORGANIGRAMA-2025-3-2048x1024.png 2048w\" sizes=\"auto, (max-width: 1024px) 100vw, 1024px\" \/><\/figure>\n<\/div>\n<\/div><\/div>\n\n\n\n<div class=\"wp-block-uagb-container uagb-block-c41c9504 alignfull uagb-is-root-container\"><div class=\"uagb-container-inner-blocks-wrap\">\n<div class=\"wp-block-uagb-container uagb-block-db8b522c\">\n<figure class=\"wp-block-image size-large\"><img loading=\"lazy\" decoding=\"async\" width=\"1024\" height=\"512\" src=\"https:\/\/ezolli.org.mx\/wp-content\/uploads\/2025\/10\/ORGANIGRAMA-2025-1-1024x512.png\" alt=\"\" class=\"wp-image-1117\" srcset=\"https:\/\/ezolli.org.mx\/wp-content\/uploads\/2025\/10\/ORGANIGRAMA-2025-1-1024x512.png 1024w, https:\/\/ezolli.org.mx\/wp-content\/uploads\/2025\/10\/ORGANIGRAMA-2025-1-300x150.png 300w, https:\/\/ezolli.org.mx\/wp-content\/uploads\/2025\/10\/ORGANIGRAMA-2025-1-768x384.png 768w, https:\/\/ezolli.org.mx\/wp-content\/uploads\/2025\/10\/ORGANIGRAMA-2025-1-1536x768.png 1536w, https:\/\/ezolli.org.mx\/wp-content\/uploads\/2025\/10\/ORGANIGRAMA-2025-1-2048x1024.png 2048w\" sizes=\"auto, (max-width: 1024px) 100vw, 1024px\" \/><\/figure>\n<\/div>\n\n\n\n<div class=\"wp-block-uagb-container uagb-block-15a526ff\">\n<figure class=\"wp-block-image size-large\"><img loading=\"lazy\" decoding=\"async\" width=\"1024\" height=\"512\" src=\"https:\/\/ezolli.org.mx\/wp-content\/uploads\/2025\/10\/ORGANIGRAMA-2025-1024x512.png\" alt=\"\" class=\"wp-image-1118\" srcset=\"https:\/\/ezolli.org.mx\/wp-content\/uploads\/2025\/10\/ORGANIGRAMA-2025-1024x512.png 1024w, https:\/\/ezolli.org.mx\/wp-content\/uploads\/2025\/10\/ORGANIGRAMA-2025-300x150.png 300w, https:\/\/ezolli.org.mx\/wp-content\/uploads\/2025\/10\/ORGANIGRAMA-2025-768x384.png 768w, https:\/\/ezolli.org.mx\/wp-content\/uploads\/2025\/10\/ORGANIGRAMA-2025-1536x768.png 1536w, https:\/\/ezolli.org.mx\/wp-content\/uploads\/2025\/10\/ORGANIGRAMA-2025-2048x1024.png 2048w\" sizes=\"auto, (max-width: 1024px) 100vw, 1024px\" \/><\/figure>\n<\/div>\n<\/div><\/div>\n\n\n\n<p><\/p>\n","protected":false},"excerpt":{"rendered":"<p>CONSEJO DIRECTIVO Y VOCALES DE EZOLLI A. C. \u00abEn EZOLLI Asociaci\u00f3n Civil, nuestro Consejo Directivo est\u00e1 integrado por corazones comprometidos: pacientes, padres, madres, abuelos y ciudadanos solidarios que, con esp\u00edritu de servicio, unen su experiencia y voluntad para fortalecer la salud y calidad de vida de las personas con coagulopat\u00edas. Cada miembro aporta no solo [&hellip;]<\/p>\n","protected":false},"author":3,"featured_media":0,"parent":0,"menu_order":0,"comment_status":"closed","ping_status":"closed","template":"","meta":{"_uag_custom_page_level_css":"","footnotes":""},"class_list":["post-1539","page","type-page","status-publish","hentry"],"uagb_featured_image_src":{"full":false,"thumbnail":false,"medium":false,"medium_large":false,"large":false,"1536x1536":false,"2048x2048":false},"uagb_author_info":{"display_name":"Enrique G\u00f3mez","author_link":"https:\/\/ezolli.org.mx\/index.php\/author\/adminezolli\/"},"uagb_comment_info":0,"uagb_excerpt":"CONSEJO DIRECTIVO Y VOCALES DE EZOLLI A. C. \u00abEn EZOLLI Asociaci\u00f3n Civil, nuestro Consejo Directivo est\u00e1 integrado por corazones comprometidos: pacientes, padres, madres, abuelos y ciudadanos solidarios que, con esp\u00edritu de servicio, unen su experiencia y voluntad para fortalecer la salud y calidad de vida de las personas con coagulopat\u00edas. Cada miembro aporta no solo&hellip;","_links":{"self":[{"href":"https:\/\/ezolli.org.mx\/index.php\/wp-json\/wp\/v2\/pages\/1539","targetHints":{"allow":["GET"]}}],"collection":[{"href":"https:\/\/ezolli.org.mx\/index.php\/wp-json\/wp\/v2\/pages"}],"about":[{"href":"https:\/\/ezolli.org.mx\/index.php\/wp-json\/wp\/v2\/types\/page"}],"author":[{"embeddable":true,"href":"https:\/\/ezolli.org.mx\/index.php\/wp-json\/wp\/v2\/users\/3"}],"replies":[{"embeddable":true,"href":"https:\/\/ezolli.org.mx\/index.php\/wp-json\/wp\/v2\/comments?post=1539"}],"version-history":[{"count":11,"href":"https:\/\/ezolli.org.mx\/index.php\/wp-json\/wp\/v2\/pages\/1539\/revisions"}],"predecessor-version":[{"id":1900,"href":"https:\/\/ezolli.org.mx\/index.php\/wp-json\/wp\/v2\/pages\/1539\/revisions\/1900"}],"wp:attachment":[{"href":"https:\/\/ezolli.org.mx\/index.php\/wp-json\/wp\/v2\/media?parent=1539"}],"curies":[{"name":"wp","href":"https:\/\/api.w.org\/{rel}","templated":true}]}}